{"id":3267,"date":"2025-08-19T12:30:54","date_gmt":"2025-08-19T12:30:54","guid":{"rendered":"https:\/\/new-web.escenacuatro.com\/portfolio\/bestground-international\/"},"modified":"2025-10-20T14:47:42","modified_gmt":"2025-10-20T14:47:42","slug":"bestground-international","status":"publish","type":"page","link":"https:\/\/escenacuatro.com\/pt-br\/portfolio\/bestground-international\/","title":{"rendered":"Bestground-international"},"content":{"rendered":"\t\t<div data-elementor-type=\"wp-page\" data-elementor-id=\"3267\" class=\"elementor elementor-3267 elementor-809\" data-elementor-post-type=\"page\">\n\t\t\t\t<div class=\"elementor-element elementor-element-780abd12 e-con-full e-flex e-con e-parent\" data-id=\"780abd12\" data-element_type=\"container\" data-e-type=\"container\" data-settings=\"{&quot;background_background&quot;:&quot;classic&quot;}\">\n\t\t<div class=\"elementor-element elementor-element-6cdc129e e-con-full e-flex elementor-invisible e-con e-child\" data-id=\"6cdc129e\" data-element_type=\"container\" data-e-type=\"container\" data-settings=\"{&quot;animation&quot;:&quot;fadeInLeft&quot;}\">\n\t\t\t\t<div class=\"elementor-element elementor-element-5af109dc elementor-invisible elementor-widget elementor-widget-text-editor\" data-id=\"5af109dc\" data-element_type=\"widget\" data-e-type=\"widget\" data-settings=\"{&quot;_animation&quot;:&quot;fadeInUp&quot;}\" data-widget_type=\"text-editor.default\">\n\t\t\t\t\t\t\t\t\t<p>Nome do Projeto:<\/p>\t\t\t\t\t\t\t\t<\/div>\n\t\t\t\t<div class=\"elementor-element elementor-element-6c403b9e elementor-widget elementor-widget-heading\" data-id=\"6c403b9e\" data-element_type=\"widget\" data-e-type=\"widget\" data-widget_type=\"heading.default\">\n\t\t\t\t\t<h1 class=\"elementor-heading-title elementor-size-default\">Bestground International  <img decoding=\"async\" src=\"https:\/\/escenacuatro.com\/wp-content\/uploads\/2025\/08\/icono-de-flecha-abajo-roja.png\"><\/h1>\t\t\t\t<\/div>\n\t\t\t\t<div class=\"elementor-element elementor-element-6eb309a2 elementor-invisible elementor-widget elementor-widget-text-editor\" data-id=\"6eb309a2\" data-element_type=\"widget\" data-e-type=\"widget\" data-settings=\"{&quot;_animation&quot;:&quot;fadeInUp&quot;}\" data-widget_type=\"text-editor.default\">\n\t\t\t\t\t\t\t\t\t<p>Sabemos que os v\u00eddeos corporativos geralmente n\u00e3o s\u00e3o os mais divertidos que voc\u00ea pode encontrar. Por isso, gostamos de adicionar motion graphics para torn\u00e1-los mais din\u00e2micos e explicativos, buscando tamb\u00e9m que nunca sejam muito longos. Neste v\u00eddeo, gravamos at\u00e9 com drone!  <\/p>\t\t\t\t\t\t\t\t<\/div>\n\t\t\t\t<div class=\"elementor-element elementor-element-53babc6d elementor-invisible elementor-widget elementor-widget-text-editor\" data-id=\"53babc6d\" data-element_type=\"widget\" data-e-type=\"widget\" data-settings=\"{&quot;_animation&quot;:&quot;fadeInUp&quot;}\" data-widget_type=\"text-editor.default\">\n\t\t\t\t\t\t\t\t\t<p>Cliente:<\/p><p class=\"portfolio-heading-customer\">BESTGROUND<\/p>\t\t\t\t\t\t\t\t<\/div>\n\t\t\t\t<div class=\"elementor-element elementor-element-3dbf779b elementor-invisible elementor-widget elementor-widget-text-editor\" data-id=\"3dbf779b\" data-element_type=\"widget\" data-e-type=\"widget\" data-settings=\"{&quot;_animation&quot;:&quot;fadeInUp&quot;}\" data-widget_type=\"text-editor.default\">\n\t\t\t\t\t\t\t\t\t<p>Ano:<\/p><p class=\"portfolio-heading-year\">2021<\/p>\t\t\t\t\t\t\t\t<\/div>\n\t\t\t\t<\/div>\n\t\t<div class=\"elementor-element elementor-element-22999ae4 e-con-full e-flex elementor-invisible e-con e-child\" data-id=\"22999ae4\" data-element_type=\"container\" data-e-type=\"container\" data-settings=\"{&quot;animation&quot;:&quot;fadeInLeft&quot;}\">\n\t\t\t\t<div class=\"elementor-element elementor-element-7aa4a0e5 elementor-widget elementor-widget-image\" data-id=\"7aa4a0e5\" data-element_type=\"widget\" data-e-type=\"widget\" data-widget_type=\"image.default\">\n\t\t\t\t\t\t\t\t\t\t\t\t\t\t\t<img fetchpriority=\"high\" decoding=\"async\" width=\"348\" height=\"469\" src=\"https:\/\/escenacuatro.com\/wp-content\/uploads\/2025\/08\/ilustracion-de-persona-con-megafono.svg\" class=\"attachment-large size-large wp-image-3249\" alt=\"Projeto IQU, Projeto Taco Video, Projeto Chiva Cola\" \/>\t\t\t\t\t\t\t\t\t\t\t\t\t\t\t<\/div>\n\t\t\t\t<\/div>\n\t\t\t\t<\/div>\n\t\t<div class=\"elementor-element elementor-element-26858424 e-con-full e-flex e-con e-parent\" data-id=\"26858424\" data-element_type=\"container\" data-e-type=\"container\" data-settings=\"{&quot;background_background&quot;:&quot;classic&quot;}\">\n\t\t<div class=\"elementor-element elementor-element-7fce5728 e-con-full e-flex elementor-invisible e-con e-child\" data-id=\"7fce5728\" data-element_type=\"container\" data-e-type=\"container\" data-settings=\"{&quot;animation&quot;:&quot;fadeInLeft&quot;}\">\n\t\t\t\t<div class=\"elementor-element elementor-element-719fac3a elementor-widget elementor-widget-video\" data-id=\"719fac3a\" data-element_type=\"widget\" data-e-type=\"widget\" data-settings=\"{&quot;youtube_url&quot;:&quot;https:\\\/\\\/www.youtube.com\\\/watch?v=ArvPHEvu9Zs&amp;ab_channel=ESCENACUATRO&quot;,&quot;video_type&quot;:&quot;youtube&quot;,&quot;controls&quot;:&quot;yes&quot;}\" data-widget_type=\"video.default\">\n\t\t\t\t\t\t\t<div class=\"elementor-wrapper elementor-open-inline\">\n\t\t\t<div class=\"elementor-video\"><\/div>\t\t<\/div>\n\t\t\t\t\t\t<\/div>\n\t\t\t\t<\/div>\n\t\t\t\t<\/div>\n\t\t<div class=\"elementor-element elementor-element-6a85da7 e-con-full e-flex e-con e-parent\" data-id=\"6a85da7\" data-element_type=\"container\" data-e-type=\"container\" data-settings=\"{&quot;background_background&quot;:&quot;classic&quot;}\">\n\t\t<div class=\"elementor-element elementor-element-2a89eecc e-con-full e-flex elementor-invisible e-con e-child\" data-id=\"2a89eecc\" data-element_type=\"container\" data-e-type=\"container\" data-settings=\"{&quot;animation&quot;:&quot;fadeInRight&quot;}\">\n\t\t\t\t<div class=\"elementor-element elementor-element-5291e135 elementor-invisible elementor-widget elementor-widget-heading\" data-id=\"5291e135\" data-element_type=\"widget\" data-e-type=\"widget\" data-settings=\"{&quot;_animation&quot;:&quot;fadeInDown&quot;}\" data-widget_type=\"heading.default\">\n\t\t\t\t\t<h2 class=\"elementor-heading-title elementor-size-default\">mais v\u00eddeos corporativos\u2026<\/h2>\t\t\t\t<\/div>\n\t\t\t\t<\/div>\n\t\t\t\t<\/div>\n\t\t<div class=\"elementor-element elementor-element-7af5de22 e-flex e-con-boxed e-con e-parent\" data-id=\"7af5de22\" data-element_type=\"container\" data-e-type=\"container\">\n\t\t\t\t\t<div class=\"e-con-inner\">\n\t\t<div class=\"elementor-element elementor-element-7f0ecf81 e-con-full e-flex e-con e-child\" data-id=\"7f0ecf81\" data-element_type=\"container\" data-e-type=\"container\">\n\t\t\t\t<div class=\"elementor-element elementor-element-a592ada elementor-widget elementor-widget-video\" data-id=\"a592ada\" data-element_type=\"widget\" data-e-type=\"widget\" data-settings=\"{&quot;youtube_url&quot;:&quot;https:\\\/\\\/youtu.be\\\/CIEy5nPuXtA&quot;,&quot;video_type&quot;:&quot;youtube&quot;,&quot;controls&quot;:&quot;yes&quot;}\" data-widget_type=\"video.default\">\n\t\t\t\t\t\t\t<div class=\"elementor-wrapper elementor-open-inline\">\n\t\t\t<div class=\"elementor-video\"><\/div>\t\t<\/div>\n\t\t\t\t\t\t<\/div>\n\t\t\t\t<\/div>\n\t\t<div class=\"elementor-element elementor-element-4456c7eb e-con-full e-flex e-con e-child\" data-id=\"4456c7eb\" data-element_type=\"container\" data-e-type=\"container\">\n\t\t\t\t<div class=\"elementor-element elementor-element-32277513 elementor-widget elementor-widget-video\" data-id=\"32277513\" data-element_type=\"widget\" data-e-type=\"widget\" data-settings=\"{&quot;youtube_url&quot;:&quot;https:\\\/\\\/youtu.be\\\/7oCBLFgmZgo&quot;,&quot;video_type&quot;:&quot;youtube&quot;,&quot;controls&quot;:&quot;yes&quot;}\" data-widget_type=\"video.default\">\n\t\t\t\t\t\t\t<div class=\"elementor-wrapper elementor-open-inline\">\n\t\t\t<div class=\"elementor-video\"><\/div>\t\t<\/div>\n\t\t\t\t\t\t<\/div>\n\t\t\t\t<\/div>\n\t\t\t\t\t<\/div>\n\t\t\t\t<\/div>\n\t\t\t\t<section class=\"elementor-section elementor-top-section elementor-element elementor-element-38a7fd4a elementor-section-full_width elementor-section-height-default elementor-section-height-default\" data-id=\"38a7fd4a\" data-element_type=\"section\" data-e-type=\"section\" data-settings=\"{&quot;background_background&quot;:&quot;classic&quot;}\">\n\t\t\t\t\t\t<div class=\"elementor-container elementor-column-gap-default\">\n\t\t\t\t\t<div class=\"elementor-column elementor-col-100 elementor-top-column elementor-element elementor-element-22056f4\" data-id=\"22056f4\" data-element_type=\"column\" data-e-type=\"column\">\n\t\t\t<div class=\"elementor-widget-wrap elementor-element-populated\">\n\t\t\t\t\t\t<section class=\"elementor-section elementor-inner-section elementor-element elementor-element-364a7994 elementor-section-full_width elementor-section-height-default elementor-section-height-default\" data-id=\"364a7994\" data-element_type=\"section\" data-e-type=\"section\">\n\t\t\t\t\t\t<div class=\"elementor-container elementor-column-gap-default\">\n\t\t\t\t\t<div class=\"elementor-column elementor-col-100 elementor-inner-column elementor-element elementor-element-6b7e684a\" data-id=\"6b7e684a\" data-element_type=\"column\" data-e-type=\"column\">\n\t\t\t<div class=\"elementor-widget-wrap elementor-element-populated\">\n\t\t\t\t\t\t<div class=\"elementor-element elementor-element-1ed0a204 elementor-align-center elementor-widget elementor-widget-button\" data-id=\"1ed0a204\" data-element_type=\"widget\" data-e-type=\"widget\" data-widget_type=\"button.default\">\n\t\t\t\t\t\t\t\t\t\t<a class=\"elementor-button elementor-button-link elementor-size-sm\" href=\"https:\/\/escenacuatro.com\/pt-br\/portfolio\/\">\n\t\t\t\t\t\t<span class=\"elementor-button-content-wrapper\">\n\t\t\t\t\t\t<span class=\"elementor-button-icon\">\n\t\t\t\t<svg aria-hidden=\"true\" class=\"e-font-icon-svg e-fas-arrow-left\" viewBox=\"0 0 448 512\" xmlns=\"http:\/\/www.w3.org\/2000\/svg\"><path d=\"M257.5 445.1l-22.2 22.2c-9.4 9.4-24.6 9.4-33.9 0L7 273c-9.4-9.4-9.4-24.6 0-33.9L201.4 44.7c9.4-9.4 24.6-9.4 33.9 0l22.2 22.2c9.5 9.5 9.3 25-.4 34.3L136.6 216H424c13.3 0 24 10.7 24 24v32c0 13.3-10.7 24-24 24H136.6l120.5 114.8c9.8 9.3 10 24.8.4 34.3z\"><\/path><\/svg>\t\t\t<\/span>\n\t\t\t\t\t\t\t\t\t<span class=\"elementor-button-text\">Voltar aos Projetos<\/span>\n\t\t\t\t\t<\/span>\n\t\t\t\t\t<\/a>\n\t\t\t\t\t\t\t\t<\/div>\n\t\t\t\t\t<\/div>\n\t\t<\/div>\n\t\t\t\t\t<\/div>\n\t\t<\/section>\n\t\t\t\t\t<\/div>\n\t\t<\/div>\n\t\t\t\t\t<\/div>\n\t\t<\/section>\n\t\t\t\t<\/div>\n\t\t","protected":false},"excerpt":{"rendered":"<p>Nome do Projeto: Bestground International Sabemos que os v\u00eddeos corporativos geralmente n\u00e3o s\u00e3o os mais divertidos que voc\u00ea pode encontrar. [&hellip;]<\/p>\n","protected":false},"author":1,"featured_media":0,"parent":3250,"menu_order":0,"comment_status":"closed","ping_status":"closed","template":"","meta":{"site-sidebar-layout":"no-sidebar","site-content-layout":"","ast-site-content-layout":"full-width-container","site-content-style":"default","site-sidebar-style":"default","ast-global-header-display":"","ast-banner-title-visibility":"","ast-main-header-display":"","ast-hfb-above-header-display":"","ast-hfb-below-header-display":"","ast-hfb-mobile-header-display":"","site-post-title":"disabled","ast-breadcrumbs-content":"","ast-featured-img":"disabled","footer-sml-layout":"","ast-disable-related-posts":"","theme-transparent-header-meta":"","adv-header-id-meta":"","stick-header-meta":"","header-above-stick-meta":"","header-main-stick-meta":"","header-below-stick-meta":"","astra-migrate-meta-layouts":"default","ast-page-background-enabled":"default","ast-page-background-meta":{"desktop":{"background-color":"var(--ast-global-color-5)","background-image":"","background-repeat":"repeat","background-position":"center center","background-size":"auto","background-attachment":"scroll","background-type":"","background-media":"","overlay-type":"","overlay-color":"","overlay-opacity":"","overlay-gradient":""},"tablet":{"background-color":"","background-image":"","background-repeat":"repeat","background-position":"center center","background-size":"auto","background-attachment":"scroll","background-type":"","background-media":"","overlay-type":"","overlay-color":"","overlay-opacity":"","overlay-gradient":""},"mobile":{"background-color":"","background-image":"","background-repeat":"repeat","background-position":"center center","background-size":"auto","background-attachment":"scroll","background-type":"","background-media":"","overlay-type":"","overlay-color":"","overlay-opacity":"","overlay-gradient":""}},"ast-content-background-meta":{"desktop":{"background-color":"var(--ast-global-color-4)","background-image":"","background-repeat":"repeat","background-position":"center center","background-size":"auto","background-attachment":"scroll","background-type":"","background-media":"","overlay-type":"","overlay-color":"","overlay-opacity":"","overlay-gradient":""},"tablet":{"background-color":"var(--ast-global-color-4)","background-image":"","background-repeat":"repeat","background-position":"center center","background-size":"auto","background-attachment":"scroll","background-type":"","background-media":"","overlay-type":"","overlay-color":"","overlay-opacity":"","overlay-gradient":""},"mobile":{"background-color":"var(--ast-global-color-4)","background-image":"","background-repeat":"repeat","background-position":"center center","background-size":"auto","background-attachment":"scroll","background-type":"","background-media":"","overlay-type":"","overlay-color":"","overlay-opacity":"","overlay-gradient":""}},"footnotes":""},"class_list":["post-3267","page","type-page","status-publish","hentry"],"yoast_head":"<!-- This site is optimized with the Yoast SEO plugin v27.3 - https:\/\/yoast.com\/product\/yoast-seo-wordpress\/ -->\n<title>Bestground-international - Escena Cuatro<\/title>\n<meta name=\"robots\" content=\"index, follow, max-snippet:-1, max-image-preview:large, max-video-preview:-1\" \/>\n<link rel=\"canonical\" href=\"https:\/\/escenacuatro.com\/portafolio\/bestground-international\/\" \/>\n<meta property=\"og:locale\" content=\"pt_BR\" \/>\n<meta property=\"og:type\" content=\"article\" \/>\n<meta property=\"og:title\" content=\"Bestground-international - Escena Cuatro\" \/>\n<meta property=\"og:description\" content=\"Nome do Projeto: Bestground International Sabemos que os v\u00eddeos corporativos geralmente n\u00e3o s\u00e3o os mais divertidos que voc\u00ea pode encontrar. [&hellip;]\" \/>\n<meta property=\"og:url\" content=\"https:\/\/escenacuatro.com\/portafolio\/bestground-international\/\" \/>\n<meta property=\"og:site_name\" content=\"Escena Cuatro\" \/>\n<meta property=\"article:modified_time\" content=\"2025-10-20T14:47:42+00:00\" \/>\n<meta property=\"og:image\" content=\"https:\/\/escenacuatro.com\/wp-content\/uploads\/2025\/08\/icono-de-flecha-abajo-roja.png\" \/>\n<meta name=\"twitter:card\" content=\"summary_large_image\" \/>\n<script type=\"application\/ld+json\" class=\"yoast-schema-graph\">{\"@context\":\"https:\\\/\\\/schema.org\",\"@graph\":[{\"@type\":\"WebPage\",\"@id\":\"https:\\\/\\\/escenacuatro.com\\\/portafolio\\\/bestground-international\\\/\",\"url\":\"https:\\\/\\\/escenacuatro.com\\\/portafolio\\\/bestground-international\\\/\",\"name\":\"Bestground-international - Escena Cuatro\",\"isPartOf\":{\"@id\":\"https:\\\/\\\/escenacuatro.com\\\/pt-br\\\/#website\"},\"primaryImageOfPage\":{\"@id\":\"https:\\\/\\\/escenacuatro.com\\\/portafolio\\\/bestground-international\\\/#primaryimage\"},\"image\":{\"@id\":\"https:\\\/\\\/escenacuatro.com\\\/portafolio\\\/bestground-international\\\/#primaryimage\"},\"thumbnailUrl\":\"https:\\\/\\\/escenacuatro.com\\\/wp-content\\\/uploads\\\/2025\\\/08\\\/icono-de-flecha-abajo-roja.png\",\"datePublished\":\"2025-08-19T12:30:54+00:00\",\"dateModified\":\"2025-10-20T14:47:42+00:00\",\"breadcrumb\":{\"@id\":\"https:\\\/\\\/escenacuatro.com\\\/portafolio\\\/bestground-international\\\/#breadcrumb\"},\"inLanguage\":\"pt-BR\",\"potentialAction\":[{\"@type\":\"ReadAction\",\"target\":[\"https:\\\/\\\/escenacuatro.com\\\/portafolio\\\/bestground-international\\\/\"]}]},{\"@type\":\"ImageObject\",\"inLanguage\":\"pt-BR\",\"@id\":\"https:\\\/\\\/escenacuatro.com\\\/portafolio\\\/bestground-international\\\/#primaryimage\",\"url\":\"https:\\\/\\\/escenacuatro.com\\\/wp-content\\\/uploads\\\/2025\\\/08\\\/icono-de-flecha-abajo-roja.png\",\"contentUrl\":\"https:\\\/\\\/escenacuatro.com\\\/wp-content\\\/uploads\\\/2025\\\/08\\\/icono-de-flecha-abajo-roja.png\"},{\"@type\":\"BreadcrumbList\",\"@id\":\"https:\\\/\\\/escenacuatro.com\\\/portafolio\\\/bestground-international\\\/#breadcrumb\",\"itemListElement\":[{\"@type\":\"ListItem\",\"position\":1,\"name\":\"Portada\",\"item\":\"https:\\\/\\\/escenacuatro.com\\\/\"},{\"@type\":\"ListItem\",\"position\":2,\"name\":\"Portf\u00f3lio\",\"item\":\"https:\\\/\\\/escenacuatro.com\\\/portafolio\\\/\"},{\"@type\":\"ListItem\",\"position\":3,\"name\":\"Bestground-international\"}]},{\"@type\":\"WebSite\",\"@id\":\"https:\\\/\\\/escenacuatro.com\\\/pt-br\\\/#website\",\"url\":\"https:\\\/\\\/escenacuatro.com\\\/pt-br\\\/\",\"name\":\"Escena Cuatro\",\"description\":\"Escena cuatro\",\"publisher\":{\"@id\":\"https:\\\/\\\/escenacuatro.com\\\/pt-br\\\/#organization\"},\"potentialAction\":[{\"@type\":\"SearchAction\",\"target\":{\"@type\":\"EntryPoint\",\"urlTemplate\":\"https:\\\/\\\/escenacuatro.com\\\/pt-br\\\/?s={search_term_string}\"},\"query-input\":{\"@type\":\"PropertyValueSpecification\",\"valueRequired\":true,\"valueName\":\"search_term_string\"}}],\"inLanguage\":\"pt-BR\"},{\"@type\":\"Organization\",\"@id\":\"https:\\\/\\\/escenacuatro.com\\\/pt-br\\\/#organization\",\"name\":\"Escena Cuatro\",\"url\":\"https:\\\/\\\/escenacuatro.com\\\/pt-br\\\/\",\"logo\":{\"@type\":\"ImageObject\",\"inLanguage\":\"pt-BR\",\"@id\":\"https:\\\/\\\/escenacuatro.com\\\/pt-br\\\/#\\\/schema\\\/logo\\\/image\\\/\",\"url\":\"https:\\\/\\\/escenacuatro.com\\\/wp-content\\\/uploads\\\/2025\\\/07\\\/logo-escena-cuatro.png\",\"contentUrl\":\"https:\\\/\\\/escenacuatro.com\\\/wp-content\\\/uploads\\\/2025\\\/07\\\/logo-escena-cuatro.png\",\"width\":484,\"height\":54,\"caption\":\"Escena Cuatro\"},\"image\":{\"@id\":\"https:\\\/\\\/escenacuatro.com\\\/pt-br\\\/#\\\/schema\\\/logo\\\/image\\\/\"},\"sameAs\":[\"https:\\\/\\\/www.youtube.com\\\/channel\\\/UCP_CZfGHLe9oUvkr7P8b40g\",\"https:\\\/\\\/www.instagram.com\\\/escenacuatro\\\/\",\"https:\\\/\\\/vimeo.com\\\/user80752965\",\"https:\\\/\\\/www.behance.net\\\/escenacuatro\"]}]}<\/script>\n<!-- \/ Yoast SEO plugin. -->","yoast_head_json":{"title":"Bestground-international - Escena Cuatro","robots":{"index":"index","follow":"follow","max-snippet":"max-snippet:-1","max-image-preview":"max-image-preview:large","max-video-preview":"max-video-preview:-1"},"canonical":"https:\/\/escenacuatro.com\/portafolio\/bestground-international\/","og_locale":"pt_BR","og_type":"article","og_title":"Bestground-international - Escena Cuatro","og_description":"Nome do Projeto: Bestground International Sabemos que os v\u00eddeos corporativos geralmente n\u00e3o s\u00e3o os mais divertidos que voc\u00ea pode encontrar. [&hellip;]","og_url":"https:\/\/escenacuatro.com\/portafolio\/bestground-international\/","og_site_name":"Escena Cuatro","article_modified_time":"2025-10-20T14:47:42+00:00","og_image":[{"url":"https:\/\/escenacuatro.com\/wp-content\/uploads\/2025\/08\/icono-de-flecha-abajo-roja.png","type":"","width":"","height":""}],"twitter_card":"summary_large_image","schema":{"@context":"https:\/\/schema.org","@graph":[{"@type":"WebPage","@id":"https:\/\/escenacuatro.com\/portafolio\/bestground-international\/","url":"https:\/\/escenacuatro.com\/portafolio\/bestground-international\/","name":"Bestground-international - Escena Cuatro","isPartOf":{"@id":"https:\/\/escenacuatro.com\/pt-br\/#website"},"primaryImageOfPage":{"@id":"https:\/\/escenacuatro.com\/portafolio\/bestground-international\/#primaryimage"},"image":{"@id":"https:\/\/escenacuatro.com\/portafolio\/bestground-international\/#primaryimage"},"thumbnailUrl":"https:\/\/escenacuatro.com\/wp-content\/uploads\/2025\/08\/icono-de-flecha-abajo-roja.png","datePublished":"2025-08-19T12:30:54+00:00","dateModified":"2025-10-20T14:47:42+00:00","breadcrumb":{"@id":"https:\/\/escenacuatro.com\/portafolio\/bestground-international\/#breadcrumb"},"inLanguage":"pt-BR","potentialAction":[{"@type":"ReadAction","target":["https:\/\/escenacuatro.com\/portafolio\/bestground-international\/"]}]},{"@type":"ImageObject","inLanguage":"pt-BR","@id":"https:\/\/escenacuatro.com\/portafolio\/bestground-international\/#primaryimage","url":"https:\/\/escenacuatro.com\/wp-content\/uploads\/2025\/08\/icono-de-flecha-abajo-roja.png","contentUrl":"https:\/\/escenacuatro.com\/wp-content\/uploads\/2025\/08\/icono-de-flecha-abajo-roja.png"},{"@type":"BreadcrumbList","@id":"https:\/\/escenacuatro.com\/portafolio\/bestground-international\/#breadcrumb","itemListElement":[{"@type":"ListItem","position":1,"name":"Portada","item":"https:\/\/escenacuatro.com\/"},{"@type":"ListItem","position":2,"name":"Portf\u00f3lio","item":"https:\/\/escenacuatro.com\/portafolio\/"},{"@type":"ListItem","position":3,"name":"Bestground-international"}]},{"@type":"WebSite","@id":"https:\/\/escenacuatro.com\/pt-br\/#website","url":"https:\/\/escenacuatro.com\/pt-br\/","name":"Escena Cuatro","description":"Escena cuatro","publisher":{"@id":"https:\/\/escenacuatro.com\/pt-br\/#organization"},"potentialAction":[{"@type":"SearchAction","target":{"@type":"EntryPoint","urlTemplate":"https:\/\/escenacuatro.com\/pt-br\/?s={search_term_string}"},"query-input":{"@type":"PropertyValueSpecification","valueRequired":true,"valueName":"search_term_string"}}],"inLanguage":"pt-BR"},{"@type":"Organization","@id":"https:\/\/escenacuatro.com\/pt-br\/#organization","name":"Escena Cuatro","url":"https:\/\/escenacuatro.com\/pt-br\/","logo":{"@type":"ImageObject","inLanguage":"pt-BR","@id":"https:\/\/escenacuatro.com\/pt-br\/#\/schema\/logo\/image\/","url":"https:\/\/escenacuatro.com\/wp-content\/uploads\/2025\/07\/logo-escena-cuatro.png","contentUrl":"https:\/\/escenacuatro.com\/wp-content\/uploads\/2025\/07\/logo-escena-cuatro.png","width":484,"height":54,"caption":"Escena Cuatro"},"image":{"@id":"https:\/\/escenacuatro.com\/pt-br\/#\/schema\/logo\/image\/"},"sameAs":["https:\/\/www.youtube.com\/channel\/UCP_CZfGHLe9oUvkr7P8b40g","https:\/\/www.instagram.com\/escenacuatro\/","https:\/\/vimeo.com\/user80752965","https:\/\/www.behance.net\/escenacuatro"]}]}},"_links":{"self":[{"href":"https:\/\/escenacuatro.com\/pt-br\/wp-json\/wp\/v2\/pages\/3267","targetHints":{"allow":["GET"]}}],"collection":[{"href":"https:\/\/escenacuatro.com\/pt-br\/wp-json\/wp\/v2\/pages"}],"about":[{"href":"https:\/\/escenacuatro.com\/pt-br\/wp-json\/wp\/v2\/types\/page"}],"author":[{"embeddable":true,"href":"https:\/\/escenacuatro.com\/pt-br\/wp-json\/wp\/v2\/users\/1"}],"replies":[{"embeddable":true,"href":"https:\/\/escenacuatro.com\/pt-br\/wp-json\/wp\/v2\/comments?post=3267"}],"version-history":[{"count":2,"href":"https:\/\/escenacuatro.com\/pt-br\/wp-json\/wp\/v2\/pages\/3267\/revisions"}],"predecessor-version":[{"id":3269,"href":"https:\/\/escenacuatro.com\/pt-br\/wp-json\/wp\/v2\/pages\/3267\/revisions\/3269"}],"up":[{"embeddable":true,"href":"https:\/\/escenacuatro.com\/pt-br\/wp-json\/wp\/v2\/pages\/3250"}],"wp:attachment":[{"href":"https:\/\/escenacuatro.com\/pt-br\/wp-json\/wp\/v2\/media?parent=3267"}],"curies":[{"name":"wp","href":"https:\/\/api.w.org\/{rel}","templated":true}]}}