{"id":3016,"date":"2025-08-18T18:56:39","date_gmt":"2025-08-18T18:56:39","guid":{"rendered":"https:\/\/new-web.escenacuatro.com\/portafolio\/taco-video-animation-studios\/"},"modified":"2025-11-06T14:06:23","modified_gmt":"2025-11-06T14:06:23","slug":"taco-video-animation-studios","status":"publish","type":"page","link":"https:\/\/escenacuatro.com\/es-mx\/portafolio\/taco-video-animation-studios\/","title":{"rendered":"Taco video &#8211; ANIMATION STUDIOS"},"content":{"rendered":"\t\t<div data-elementor-type=\"wp-page\" data-elementor-id=\"3016\" class=\"elementor elementor-3016 elementor-702\" data-elementor-post-type=\"page\">\n\t\t\t\t<div class=\"elementor-element elementor-element-570dd1f1 e-con-full e-flex e-con e-parent\" data-id=\"570dd1f1\" data-element_type=\"container\" data-e-type=\"container\" data-settings=\"{&quot;background_background&quot;:&quot;classic&quot;}\">\n\t\t<div class=\"elementor-element elementor-element-29fda578 e-con-full e-flex elementor-invisible e-con e-child\" data-id=\"29fda578\" data-element_type=\"container\" data-e-type=\"container\" data-settings=\"{&quot;animation&quot;:&quot;fadeInLeft&quot;}\">\n\t\t\t\t<div class=\"elementor-element elementor-element-766582fc elementor-invisible elementor-widget elementor-widget-text-editor\" data-id=\"766582fc\" data-element_type=\"widget\" data-e-type=\"widget\" data-settings=\"{&quot;_animation&quot;:&quot;fadeInUp&quot;}\" data-widget_type=\"text-editor.default\">\n\t\t\t\t\t\t\t\t\t<p>Nombre del Proyecto:<\/p>\t\t\t\t\t\t\t\t<\/div>\n\t\t\t\t<div class=\"elementor-element elementor-element-2d1acdf3 elementor-widget elementor-widget-heading\" data-id=\"2d1acdf3\" data-element_type=\"widget\" data-e-type=\"widget\" data-widget_type=\"heading.default\">\n\t\t\t\t\t<h1 class=\"elementor-heading-title elementor-size-default\">Taco Video \u2013 Animation Studios <img decoding=\"async\" src=\"https:\/\/escenacuatro.com\/wp-content\/uploads\/2025\/08\/icono-de-flecha-abajo-roja.png\"><\/h1>\t\t\t\t<\/div>\n\t\t\t\t<div class=\"elementor-element elementor-element-22ca323d elementor-invisible elementor-widget elementor-widget-text-editor\" data-id=\"22ca323d\" data-element_type=\"widget\" data-e-type=\"widget\" data-settings=\"{&quot;_animation&quot;:&quot;fadeInUp&quot;}\" data-widget_type=\"text-editor.default\">\n\t\t\t\t\t\t\t\t\t<p>\u00a1El Proyecto Taco Video fue nuestra segunda campa\u00f1a de video propia! Aqu\u00ed quisimos demostrar c\u00f3mo es posible vender cualquier cosa de manera atractiva con los motion graphics. \ud83c\udf2e<\/p>\t\t\t\t\t\t\t\t<\/div>\n\t\t\t\t<div class=\"elementor-element elementor-element-12994d23 elementor-invisible elementor-widget elementor-widget-text-editor\" data-id=\"12994d23\" data-element_type=\"widget\" data-e-type=\"widget\" data-settings=\"{&quot;_animation&quot;:&quot;fadeInUp&quot;}\" data-widget_type=\"text-editor.default\">\n\t\t\t\t\t\t\t\t\t<p>Cliente:<\/p><p class=\"portfolio-heading-customer\">Escena Cuatro<\/p>\t\t\t\t\t\t\t\t<\/div>\n\t\t\t\t<div class=\"elementor-element elementor-element-61f9c7ec elementor-invisible elementor-widget elementor-widget-text-editor\" data-id=\"61f9c7ec\" data-element_type=\"widget\" data-e-type=\"widget\" data-settings=\"{&quot;_animation&quot;:&quot;fadeInUp&quot;}\" data-widget_type=\"text-editor.default\">\n\t\t\t\t\t\t\t\t\t<p>A\u00f1o:<\/p><p class=\"portfolio-heading-year\">2021<\/p>\t\t\t\t\t\t\t\t<\/div>\n\t\t\t\t<\/div>\n\t\t<div class=\"elementor-element elementor-element-148a006f e-con-full e-flex elementor-invisible e-con e-child\" data-id=\"148a006f\" data-element_type=\"container\" data-e-type=\"container\" data-settings=\"{&quot;animation&quot;:&quot;fadeInLeft&quot;}\">\n\t\t\t\t<div class=\"elementor-element elementor-element-6edaa599 elementor-widget elementor-widget-image\" data-id=\"6edaa599\" data-element_type=\"widget\" data-e-type=\"widget\" data-widget_type=\"image.default\">\n\t\t\t\t\t\t\t\t\t\t\t\t\t\t\t<img fetchpriority=\"high\" decoding=\"async\" width=\"348\" height=\"469\" src=\"https:\/\/escenacuatro.com\/wp-content\/uploads\/2025\/08\/ilustracion-de-persona-con-megafono.svg\" class=\"attachment-large size-large wp-image-2802\" alt=\"Proyecto IQU, Proyecto Taco Video, Proyecto Chiva Cola\" \/>\t\t\t\t\t\t\t\t\t\t\t\t\t\t\t<\/div>\n\t\t\t\t<\/div>\n\t\t\t\t<\/div>\n\t\t<div class=\"elementor-element elementor-element-3e153d64 e-con-full e-flex e-con e-parent\" data-id=\"3e153d64\" data-element_type=\"container\" data-e-type=\"container\" data-settings=\"{&quot;background_background&quot;:&quot;classic&quot;}\">\n\t\t<div class=\"elementor-element elementor-element-390abe6 e-con-full e-flex elementor-invisible e-con e-child\" data-id=\"390abe6\" data-element_type=\"container\" data-e-type=\"container\" data-settings=\"{&quot;animation&quot;:&quot;fadeInLeft&quot;}\">\n\t\t\t\t<div class=\"elementor-element elementor-element-406802db elementor-widget elementor-widget-video\" data-id=\"406802db\" data-element_type=\"widget\" data-e-type=\"widget\" data-settings=\"{&quot;youtube_url&quot;:&quot;https:\\\/\\\/youtu.be\\\/ZU-DguoIuSI&quot;,&quot;video_type&quot;:&quot;youtube&quot;,&quot;controls&quot;:&quot;yes&quot;}\" data-widget_type=\"video.default\">\n\t\t\t\t\t\t\t<div class=\"elementor-wrapper elementor-open-inline\">\n\t\t\t<div class=\"elementor-video\"><\/div>\t\t<\/div>\n\t\t\t\t\t\t<\/div>\n\t\t\t\t<\/div>\n\t\t\t\t<\/div>\n\t\t<div class=\"elementor-element elementor-element-6c44a33b e-con-full e-flex e-con e-parent\" data-id=\"6c44a33b\" data-element_type=\"container\" data-e-type=\"container\" data-settings=\"{&quot;background_background&quot;:&quot;classic&quot;}\">\n\t\t<div class=\"elementor-element elementor-element-4119aaef e-con-full e-flex elementor-invisible e-con e-child\" data-id=\"4119aaef\" data-element_type=\"container\" data-e-type=\"container\" data-settings=\"{&quot;animation&quot;:&quot;fadeInRight&quot;}\">\n\t\t\t\t<div class=\"elementor-element elementor-element-459105b7 elementor-invisible elementor-widget elementor-widget-heading\" data-id=\"459105b7\" data-element_type=\"widget\" data-e-type=\"widget\" data-settings=\"{&quot;_animation&quot;:&quot;fadeInDown&quot;}\" data-widget_type=\"heading.default\">\n\t\t\t\t\t<h2 class=\"elementor-heading-title elementor-size-default\">\u00a1Creamos este video en\n2 formatos m\u00e1s!<\/h2>\t\t\t\t<\/div>\n\t\t\t\t<\/div>\n\t\t\t\t<\/div>\n\t\t<div class=\"elementor-element elementor-element-3841c9a4 e-flex e-con-boxed e-con e-parent\" data-id=\"3841c9a4\" data-element_type=\"container\" data-e-type=\"container\">\n\t\t\t\t\t<div class=\"e-con-inner\">\n\t\t<div class=\"elementor-element elementor-element-65558adf e-con-full e-flex e-con e-child\" data-id=\"65558adf\" data-element_type=\"container\" data-e-type=\"container\">\n\t\t\t\t<div class=\"elementor-element elementor-element-7eb0e241 elementor-widget elementor-widget-video\" data-id=\"7eb0e241\" data-element_type=\"widget\" data-e-type=\"widget\" data-settings=\"{&quot;youtube_url&quot;:&quot;https:\\\/\\\/www.youtube.com\\\/shorts\\\/GoHn9bJjJI4?feature=share&quot;,&quot;video_type&quot;:&quot;youtube&quot;,&quot;controls&quot;:&quot;yes&quot;}\" data-widget_type=\"video.default\">\n\t\t\t\t\t\t\t<div class=\"elementor-wrapper elementor-open-inline\">\n\t\t\t<div class=\"elementor-video\"><\/div>\t\t<\/div>\n\t\t\t\t\t\t<\/div>\n\t\t\t\t<\/div>\n\t\t<div class=\"elementor-element elementor-element-4ce44e89 e-con-full e-flex e-con e-child\" data-id=\"4ce44e89\" data-element_type=\"container\" data-e-type=\"container\">\n\t\t\t\t<div class=\"elementor-element elementor-element-398811cb elementor-widget elementor-widget-video\" data-id=\"398811cb\" data-element_type=\"widget\" data-e-type=\"widget\" data-settings=\"{&quot;youtube_url&quot;:&quot;https:\\\/\\\/youtu.be\\\/NzIJ9r3JvvU&quot;,&quot;video_type&quot;:&quot;youtube&quot;,&quot;controls&quot;:&quot;yes&quot;}\" data-widget_type=\"video.default\">\n\t\t\t\t\t\t\t<div class=\"elementor-wrapper elementor-open-inline\">\n\t\t\t<div class=\"elementor-video\"><\/div>\t\t<\/div>\n\t\t\t\t\t\t<\/div>\n\t\t\t\t<\/div>\n\t\t<div class=\"elementor-element elementor-element-19b67060 e-con-full e-flex e-con e-child\" data-id=\"19b67060\" data-element_type=\"container\" data-e-type=\"container\">\n\t\t\t\t<div class=\"elementor-element elementor-element-f549a3c elementor-widget elementor-widget-image\" data-id=\"f549a3c\" data-element_type=\"widget\" data-e-type=\"widget\" data-widget_type=\"image.default\">\n\t\t\t\t\t\t\t\t\t\t\t\t\t\t\t<img decoding=\"async\" width=\"544\" height=\"544\" src=\"https:\/\/escenacuatro.com\/wp-content\/uploads\/2025\/08\/taco.gif\" class=\"attachment-large size-large wp-image-3014\" alt=\"\" \/>\t\t\t\t\t\t\t\t\t\t\t\t\t\t\t<\/div>\n\t\t\t\t<\/div>\n\t\t<div class=\"elementor-element elementor-element-59167f91 e-con-full e-flex e-con e-child\" data-id=\"59167f91\" data-element_type=\"container\" data-e-type=\"container\">\n\t\t\t\t<div class=\"elementor-element elementor-element-442a428 elementor-widget elementor-widget-image\" data-id=\"442a428\" data-element_type=\"widget\" data-e-type=\"widget\" data-widget_type=\"image.default\">\n\t\t\t\t\t\t\t\t\t\t\t\t\t\t\t<img decoding=\"async\" width=\"1024\" height=\"935\" src=\"https:\/\/escenacuatro.com\/wp-content\/uploads\/2025\/08\/personaje-chica-final-1030x940-1-1024x935.gif\" class=\"attachment-large size-large wp-image-3015\" alt=\"\" srcset=\"https:\/\/escenacuatro.com\/wp-content\/uploads\/2025\/08\/personaje-chica-final-1030x940-1-1024x935.gif 1024w, https:\/\/escenacuatro.com\/wp-content\/uploads\/2025\/08\/personaje-chica-final-1030x940-1-300x274.gif 300w, https:\/\/escenacuatro.com\/wp-content\/uploads\/2025\/08\/personaje-chica-final-1030x940-1-768x701.gif 768w\" sizes=\"(max-width: 1024px) 100vw, 1024px\" \/>\t\t\t\t\t\t\t\t\t\t\t\t\t\t\t<\/div>\n\t\t\t\t<\/div>\n\t\t\t\t\t<\/div>\n\t\t\t\t<\/div>\n\t\t<div class=\"elementor-element elementor-element-129814c0 e-con-full e-flex e-con e-parent\" data-id=\"129814c0\" data-element_type=\"container\" data-e-type=\"container\" data-settings=\"{&quot;background_background&quot;:&quot;classic&quot;}\">\n\t\t<div class=\"elementor-element elementor-element-3fc69bf3 e-con-full e-flex elementor-invisible e-con e-child\" data-id=\"3fc69bf3\" data-element_type=\"container\" data-e-type=\"container\" data-settings=\"{&quot;animation&quot;:&quot;fadeInRight&quot;}\">\n\t\t\t\t<\/div>\n\t\t<div class=\"elementor-element elementor-element-1dd851cb e-con-full e-flex elementor-invisible e-con e-child\" data-id=\"1dd851cb\" data-element_type=\"container\" data-e-type=\"container\" data-settings=\"{&quot;animation&quot;:&quot;fadeInRight&quot;}\">\n\t\t\t\t<div class=\"elementor-element elementor-element-7389bcc4 elementor-widget elementor-widget-text-editor\" data-id=\"7389bcc4\" data-element_type=\"widget\" data-e-type=\"widget\" data-widget_type=\"text-editor.default\">\n\t\t\t\t\t\t\t\t\t<div class=\"main_color container_wrap_first container_wrap fullsize\"><div class=\"container av-section-cont-open\"><p><span style=\"font-size: 16px;\">\u00a1La animacion de este personaje llevo mas de 50 capas para poder darle vida!<\/span><\/p><p> <\/p><\/div><\/div><div class=\"button-wrap\"> <\/div>\t\t\t\t\t\t\t\t<\/div>\n\t\t\t\t<\/div>\n\t\t\t\t<\/div>\n\t\t\t\t<section class=\"elementor-section elementor-top-section elementor-element elementor-element-11848769 elementor-section-full_width elementor-section-height-default elementor-section-height-default\" data-id=\"11848769\" data-element_type=\"section\" data-e-type=\"section\" data-settings=\"{&quot;background_background&quot;:&quot;classic&quot;}\">\n\t\t\t\t\t\t<div class=\"elementor-container elementor-column-gap-default\">\n\t\t\t\t\t<div class=\"elementor-column elementor-col-100 elementor-top-column elementor-element elementor-element-15b38be7\" data-id=\"15b38be7\" data-element_type=\"column\" data-e-type=\"column\">\n\t\t\t<div class=\"elementor-widget-wrap elementor-element-populated\">\n\t\t\t\t\t\t<section class=\"elementor-section elementor-inner-section elementor-element elementor-element-6869b8c9 elementor-section-full_width elementor-section-height-default elementor-section-height-default\" data-id=\"6869b8c9\" data-element_type=\"section\" data-e-type=\"section\">\n\t\t\t\t\t\t<div class=\"elementor-container elementor-column-gap-default\">\n\t\t\t\t\t<div class=\"elementor-column elementor-col-100 elementor-inner-column elementor-element elementor-element-699ee2c6\" data-id=\"699ee2c6\" data-element_type=\"column\" data-e-type=\"column\">\n\t\t\t<div class=\"elementor-widget-wrap elementor-element-populated\">\n\t\t\t\t\t\t<div class=\"elementor-element elementor-element-1bba913c elementor-align-center elementor-widget elementor-widget-button\" data-id=\"1bba913c\" data-element_type=\"widget\" data-e-type=\"widget\" data-widget_type=\"button.default\">\n\t\t\t\t\t\t\t\t\t\t<a class=\"elementor-button elementor-button-link elementor-size-sm\" href=\"https:\/\/escenacuatro.com\/es-mx\/portafolio\/\">\n\t\t\t\t\t\t<span class=\"elementor-button-content-wrapper\">\n\t\t\t\t\t\t<span class=\"elementor-button-icon\">\n\t\t\t\t<svg aria-hidden=\"true\" class=\"e-font-icon-svg e-fas-arrow-left\" viewBox=\"0 0 448 512\" xmlns=\"http:\/\/www.w3.org\/2000\/svg\"><path d=\"M257.5 445.1l-22.2 22.2c-9.4 9.4-24.6 9.4-33.9 0L7 273c-9.4-9.4-9.4-24.6 0-33.9L201.4 44.7c9.4-9.4 24.6-9.4 33.9 0l22.2 22.2c9.5 9.5 9.3 25-.4 34.3L136.6 216H424c13.3 0 24 10.7 24 24v32c0 13.3-10.7 24-24 24H136.6l120.5 114.8c9.8 9.3 10 24.8.4 34.3z\"><\/path><\/svg>\t\t\t<\/span>\n\t\t\t\t\t\t\t\t\t<span class=\"elementor-button-text\">Regresar a Proyectos<\/span>\n\t\t\t\t\t<\/span>\n\t\t\t\t\t<\/a>\n\t\t\t\t\t\t\t\t<\/div>\n\t\t\t\t\t<\/div>\n\t\t<\/div>\n\t\t\t\t\t<\/div>\n\t\t<\/section>\n\t\t\t\t\t<\/div>\n\t\t<\/div>\n\t\t\t\t\t<\/div>\n\t\t<\/section>\n\t\t\t\t<\/div>\n\t\t","protected":false},"excerpt":{"rendered":"<p>Nombre del Proyecto: Taco Video \u2013 Animation Studios \u00a1El Proyecto Taco Video fue nuestra segunda campa\u00f1a de video propia! Aqu\u00ed [&hellip;]<\/p>\n","protected":false},"author":1,"featured_media":0,"parent":2904,"menu_order":0,"comment_status":"closed","ping_status":"closed","template":"","meta":{"site-sidebar-layout":"no-sidebar","site-content-layout":"","ast-site-content-layout":"full-width-container","site-content-style":"default","site-sidebar-style":"default","ast-global-header-display":"","ast-banner-title-visibility":"","ast-main-header-display":"","ast-hfb-above-header-display":"","ast-hfb-below-header-display":"","ast-hfb-mobile-header-display":"","site-post-title":"disabled","ast-breadcrumbs-content":"","ast-featured-img":"disabled","footer-sml-layout":"","ast-disable-related-posts":"","theme-transparent-header-meta":"","adv-header-id-meta":"","stick-header-meta":"","header-above-stick-meta":"","header-main-stick-meta":"","header-below-stick-meta":"","astra-migrate-meta-layouts":"default","ast-page-background-enabled":"default","ast-page-background-meta":{"desktop":{"background-color":"var(--ast-global-color-5)","background-image":"","background-repeat":"repeat","background-position":"center center","background-size":"auto","background-attachment":"scroll","background-type":"","background-media":"","overlay-type":"","overlay-color":"","overlay-opacity":"","overlay-gradient":""},"tablet":{"background-color":"","background-image":"","background-repeat":"repeat","background-position":"center center","background-size":"auto","background-attachment":"scroll","background-type":"","background-media":"","overlay-type":"","overlay-color":"","overlay-opacity":"","overlay-gradient":""},"mobile":{"background-color":"","background-image":"","background-repeat":"repeat","background-position":"center center","background-size":"auto","background-attachment":"scroll","background-type":"","background-media":"","overlay-type":"","overlay-color":"","overlay-opacity":"","overlay-gradient":""}},"ast-content-background-meta":{"desktop":{"background-color":"var(--ast-global-color-4)","background-image":"","background-repeat":"repeat","background-position":"center center","background-size":"auto","background-attachment":"scroll","background-type":"","background-media":"","overlay-type":"","overlay-color":"","overlay-opacity":"","overlay-gradient":""},"tablet":{"background-color":"var(--ast-global-color-4)","background-image":"","background-repeat":"repeat","background-position":"center center","background-size":"auto","background-attachment":"scroll","background-type":"","background-media":"","overlay-type":"","overlay-color":"","overlay-opacity":"","overlay-gradient":""},"mobile":{"background-color":"var(--ast-global-color-4)","background-image":"","background-repeat":"repeat","background-position":"center center","background-size":"auto","background-attachment":"scroll","background-type":"","background-media":"","overlay-type":"","overlay-color":"","overlay-opacity":"","overlay-gradient":""}},"footnotes":""},"class_list":["post-3016","page","type-page","status-publish","hentry"],"yoast_head":"<!-- This site is optimized with the Yoast SEO plugin v27.4 - https:\/\/yoast.com\/product\/yoast-seo-wordpress\/ -->\n<title>Proyecto Taco Video - Escena Cuatro<\/title>\n<meta name=\"description\" content=\"Proyecto Taco Video fue una campa\u00f1a de video propia! Aqu\u00ed quisimos demostrar c\u00f3mo es posible vender con los motion graphics.\" \/>\n<meta name=\"robots\" content=\"index, follow, max-snippet:-1, max-image-preview:large, max-video-preview:-1\" \/>\n<link rel=\"canonical\" href=\"https:\/\/escenacuatro.com\/portafolio\/taco-video-animation-studios\/\" \/>\n<meta property=\"og:locale\" content=\"es_MX\" \/>\n<meta property=\"og:type\" content=\"article\" \/>\n<meta property=\"og:title\" content=\"Proyecto Taco Video - Escena Cuatro\" \/>\n<meta property=\"og:description\" content=\"Proyecto Taco Video fue una campa\u00f1a de video propia! Aqu\u00ed quisimos demostrar c\u00f3mo es posible vender con los motion graphics.\" \/>\n<meta property=\"og:url\" content=\"https:\/\/escenacuatro.com\/portafolio\/taco-video-animation-studios\/\" \/>\n<meta property=\"og:site_name\" content=\"Escena Cuatro\" \/>\n<meta property=\"article:modified_time\" content=\"2025-11-06T14:06:23+00:00\" \/>\n<meta property=\"og:image\" content=\"https:\/\/escenacuatro.com\/wp-content\/uploads\/2025\/08\/icono-de-flecha-abajo-roja.png\" \/>\n<meta name=\"twitter:card\" content=\"summary_large_image\" \/>\n<script type=\"application\/ld+json\" class=\"yoast-schema-graph\">{\"@context\":\"https:\\\/\\\/schema.org\",\"@graph\":[{\"@type\":\"WebPage\",\"@id\":\"https:\\\/\\\/escenacuatro.com\\\/portafolio\\\/taco-video-animation-studios\\\/\",\"url\":\"https:\\\/\\\/escenacuatro.com\\\/portafolio\\\/taco-video-animation-studios\\\/\",\"name\":\"Proyecto Taco Video - Escena Cuatro\",\"isPartOf\":{\"@id\":\"https:\\\/\\\/escenacuatro.com\\\/pt-br\\\/#website\"},\"primaryImageOfPage\":{\"@id\":\"https:\\\/\\\/escenacuatro.com\\\/portafolio\\\/taco-video-animation-studios\\\/#primaryimage\"},\"image\":{\"@id\":\"https:\\\/\\\/escenacuatro.com\\\/portafolio\\\/taco-video-animation-studios\\\/#primaryimage\"},\"thumbnailUrl\":\"https:\\\/\\\/escenacuatro.com\\\/wp-content\\\/uploads\\\/2025\\\/08\\\/icono-de-flecha-abajo-roja.png\",\"datePublished\":\"2025-08-18T18:56:39+00:00\",\"dateModified\":\"2025-11-06T14:06:23+00:00\",\"description\":\"Proyecto Taco Video fue una campa\u00f1a de video propia! Aqu\u00ed quisimos demostrar c\u00f3mo es posible vender con los motion graphics.\",\"breadcrumb\":{\"@id\":\"https:\\\/\\\/escenacuatro.com\\\/portafolio\\\/taco-video-animation-studios\\\/#breadcrumb\"},\"inLanguage\":\"es\",\"potentialAction\":[{\"@type\":\"ReadAction\",\"target\":[\"https:\\\/\\\/escenacuatro.com\\\/portafolio\\\/taco-video-animation-studios\\\/\"]}]},{\"@type\":\"ImageObject\",\"inLanguage\":\"es\",\"@id\":\"https:\\\/\\\/escenacuatro.com\\\/portafolio\\\/taco-video-animation-studios\\\/#primaryimage\",\"url\":\"https:\\\/\\\/escenacuatro.com\\\/wp-content\\\/uploads\\\/2025\\\/08\\\/icono-de-flecha-abajo-roja.png\",\"contentUrl\":\"https:\\\/\\\/escenacuatro.com\\\/wp-content\\\/uploads\\\/2025\\\/08\\\/icono-de-flecha-abajo-roja.png\"},{\"@type\":\"BreadcrumbList\",\"@id\":\"https:\\\/\\\/escenacuatro.com\\\/portafolio\\\/taco-video-animation-studios\\\/#breadcrumb\",\"itemListElement\":[{\"@type\":\"ListItem\",\"position\":1,\"name\":\"Portada\",\"item\":\"https:\\\/\\\/escenacuatro.com\\\/\"},{\"@type\":\"ListItem\",\"position\":2,\"name\":\"Portafolio\",\"item\":\"https:\\\/\\\/escenacuatro.com\\\/portafolio\\\/\"},{\"@type\":\"ListItem\",\"position\":3,\"name\":\"Taco video &#8211; ANIMATION STUDIOS\"}]},{\"@type\":\"WebSite\",\"@id\":\"https:\\\/\\\/escenacuatro.com\\\/pt-br\\\/#website\",\"url\":\"https:\\\/\\\/escenacuatro.com\\\/pt-br\\\/\",\"name\":\"Escena Cuatro\",\"description\":\"Escena cuatro\",\"publisher\":{\"@id\":\"https:\\\/\\\/escenacuatro.com\\\/pt-br\\\/#organization\"},\"potentialAction\":[{\"@type\":\"SearchAction\",\"target\":{\"@type\":\"EntryPoint\",\"urlTemplate\":\"https:\\\/\\\/escenacuatro.com\\\/pt-br\\\/?s={search_term_string}\"},\"query-input\":{\"@type\":\"PropertyValueSpecification\",\"valueRequired\":true,\"valueName\":\"search_term_string\"}}],\"inLanguage\":\"es\"},{\"@type\":\"Organization\",\"@id\":\"https:\\\/\\\/escenacuatro.com\\\/pt-br\\\/#organization\",\"name\":\"Escena Cuatro\",\"url\":\"https:\\\/\\\/escenacuatro.com\\\/pt-br\\\/\",\"logo\":{\"@type\":\"ImageObject\",\"inLanguage\":\"es\",\"@id\":\"https:\\\/\\\/escenacuatro.com\\\/pt-br\\\/#\\\/schema\\\/logo\\\/image\\\/\",\"url\":\"https:\\\/\\\/escenacuatro.com\\\/wp-content\\\/uploads\\\/2025\\\/07\\\/logo-escena-cuatro.png\",\"contentUrl\":\"https:\\\/\\\/escenacuatro.com\\\/wp-content\\\/uploads\\\/2025\\\/07\\\/logo-escena-cuatro.png\",\"width\":484,\"height\":54,\"caption\":\"Escena Cuatro\"},\"image\":{\"@id\":\"https:\\\/\\\/escenacuatro.com\\\/pt-br\\\/#\\\/schema\\\/logo\\\/image\\\/\"},\"sameAs\":[\"https:\\\/\\\/www.youtube.com\\\/channel\\\/UCP_CZfGHLe9oUvkr7P8b40g\",\"https:\\\/\\\/www.instagram.com\\\/escenacuatro\\\/\",\"https:\\\/\\\/vimeo.com\\\/user80752965\",\"https:\\\/\\\/www.behance.net\\\/escenacuatro\"]}]}<\/script>\n<!-- \/ Yoast SEO plugin. -->","yoast_head_json":{"title":"Proyecto Taco Video - Escena Cuatro","description":"Proyecto Taco Video fue una campa\u00f1a de video propia! Aqu\u00ed quisimos demostrar c\u00f3mo es posible vender con los motion graphics.","robots":{"index":"index","follow":"follow","max-snippet":"max-snippet:-1","max-image-preview":"max-image-preview:large","max-video-preview":"max-video-preview:-1"},"canonical":"https:\/\/escenacuatro.com\/portafolio\/taco-video-animation-studios\/","og_locale":"es_MX","og_type":"article","og_title":"Proyecto Taco Video - Escena Cuatro","og_description":"Proyecto Taco Video fue una campa\u00f1a de video propia! Aqu\u00ed quisimos demostrar c\u00f3mo es posible vender con los motion graphics.","og_url":"https:\/\/escenacuatro.com\/portafolio\/taco-video-animation-studios\/","og_site_name":"Escena Cuatro","article_modified_time":"2025-11-06T14:06:23+00:00","og_image":[{"url":"https:\/\/escenacuatro.com\/wp-content\/uploads\/2025\/08\/icono-de-flecha-abajo-roja.png","type":"","width":"","height":""}],"twitter_card":"summary_large_image","schema":{"@context":"https:\/\/schema.org","@graph":[{"@type":"WebPage","@id":"https:\/\/escenacuatro.com\/portafolio\/taco-video-animation-studios\/","url":"https:\/\/escenacuatro.com\/portafolio\/taco-video-animation-studios\/","name":"Proyecto Taco Video - Escena Cuatro","isPartOf":{"@id":"https:\/\/escenacuatro.com\/pt-br\/#website"},"primaryImageOfPage":{"@id":"https:\/\/escenacuatro.com\/portafolio\/taco-video-animation-studios\/#primaryimage"},"image":{"@id":"https:\/\/escenacuatro.com\/portafolio\/taco-video-animation-studios\/#primaryimage"},"thumbnailUrl":"https:\/\/escenacuatro.com\/wp-content\/uploads\/2025\/08\/icono-de-flecha-abajo-roja.png","datePublished":"2025-08-18T18:56:39+00:00","dateModified":"2025-11-06T14:06:23+00:00","description":"Proyecto Taco Video fue una campa\u00f1a de video propia! Aqu\u00ed quisimos demostrar c\u00f3mo es posible vender con los motion graphics.","breadcrumb":{"@id":"https:\/\/escenacuatro.com\/portafolio\/taco-video-animation-studios\/#breadcrumb"},"inLanguage":"es","potentialAction":[{"@type":"ReadAction","target":["https:\/\/escenacuatro.com\/portafolio\/taco-video-animation-studios\/"]}]},{"@type":"ImageObject","inLanguage":"es","@id":"https:\/\/escenacuatro.com\/portafolio\/taco-video-animation-studios\/#primaryimage","url":"https:\/\/escenacuatro.com\/wp-content\/uploads\/2025\/08\/icono-de-flecha-abajo-roja.png","contentUrl":"https:\/\/escenacuatro.com\/wp-content\/uploads\/2025\/08\/icono-de-flecha-abajo-roja.png"},{"@type":"BreadcrumbList","@id":"https:\/\/escenacuatro.com\/portafolio\/taco-video-animation-studios\/#breadcrumb","itemListElement":[{"@type":"ListItem","position":1,"name":"Portada","item":"https:\/\/escenacuatro.com\/"},{"@type":"ListItem","position":2,"name":"Portafolio","item":"https:\/\/escenacuatro.com\/portafolio\/"},{"@type":"ListItem","position":3,"name":"Taco video &#8211; ANIMATION STUDIOS"}]},{"@type":"WebSite","@id":"https:\/\/escenacuatro.com\/pt-br\/#website","url":"https:\/\/escenacuatro.com\/pt-br\/","name":"Escena Cuatro","description":"Escena cuatro","publisher":{"@id":"https:\/\/escenacuatro.com\/pt-br\/#organization"},"potentialAction":[{"@type":"SearchAction","target":{"@type":"EntryPoint","urlTemplate":"https:\/\/escenacuatro.com\/pt-br\/?s={search_term_string}"},"query-input":{"@type":"PropertyValueSpecification","valueRequired":true,"valueName":"search_term_string"}}],"inLanguage":"es"},{"@type":"Organization","@id":"https:\/\/escenacuatro.com\/pt-br\/#organization","name":"Escena Cuatro","url":"https:\/\/escenacuatro.com\/pt-br\/","logo":{"@type":"ImageObject","inLanguage":"es","@id":"https:\/\/escenacuatro.com\/pt-br\/#\/schema\/logo\/image\/","url":"https:\/\/escenacuatro.com\/wp-content\/uploads\/2025\/07\/logo-escena-cuatro.png","contentUrl":"https:\/\/escenacuatro.com\/wp-content\/uploads\/2025\/07\/logo-escena-cuatro.png","width":484,"height":54,"caption":"Escena Cuatro"},"image":{"@id":"https:\/\/escenacuatro.com\/pt-br\/#\/schema\/logo\/image\/"},"sameAs":["https:\/\/www.youtube.com\/channel\/UCP_CZfGHLe9oUvkr7P8b40g","https:\/\/www.instagram.com\/escenacuatro\/","https:\/\/vimeo.com\/user80752965","https:\/\/www.behance.net\/escenacuatro"]}]}},"_links":{"self":[{"href":"https:\/\/escenacuatro.com\/es-mx\/wp-json\/wp\/v2\/pages\/3016","targetHints":{"allow":["GET"]}}],"collection":[{"href":"https:\/\/escenacuatro.com\/es-mx\/wp-json\/wp\/v2\/pages"}],"about":[{"href":"https:\/\/escenacuatro.com\/es-mx\/wp-json\/wp\/v2\/types\/page"}],"author":[{"embeddable":true,"href":"https:\/\/escenacuatro.com\/es-mx\/wp-json\/wp\/v2\/users\/1"}],"replies":[{"embeddable":true,"href":"https:\/\/escenacuatro.com\/es-mx\/wp-json\/wp\/v2\/comments?post=3016"}],"version-history":[{"count":4,"href":"https:\/\/escenacuatro.com\/es-mx\/wp-json\/wp\/v2\/pages\/3016\/revisions"}],"predecessor-version":[{"id":3800,"href":"https:\/\/escenacuatro.com\/es-mx\/wp-json\/wp\/v2\/pages\/3016\/revisions\/3800"}],"up":[{"embeddable":true,"href":"https:\/\/escenacuatro.com\/es-mx\/wp-json\/wp\/v2\/pages\/2904"}],"wp:attachment":[{"href":"https:\/\/escenacuatro.com\/es-mx\/wp-json\/wp\/v2\/media?parent=3016"}],"curies":[{"name":"wp","href":"https:\/\/api.w.org\/{rel}","templated":true}]}}